{"id":2903,"date":"2021-02-09T12:51:44","date_gmt":"2022-03-15T12:31:33","guid":{"rendered":"https:\/\/academyoforthodontics.com\/produkt\/vod-usmiech-dziaslowy-medycyna-estetyczna-a-leczenie-ortodontyczne\/"},"modified":"2022-03-15T14:01:31","modified_gmt":"2022-03-15T13:01:31","slug":"vod-usmiech-dziaslowy-medycyna-estetyczna-a-leczenie-ortodontyczne","status":"publish","type":"product","link":"https:\/\/academyoforthodontics.com\/en\/produkt\/vod-usmiech-dziaslowy-medycyna-estetyczna-a-leczenie-ortodontyczne\/","title":{"rendered":"VOD: U\u015bmiech dzi\u0105s\u0142owy &#8211; medycyna estetyczna, a leczenie ortodontyczne"},"content":{"rendered":"<p><strong>Zakres tematyczny <\/strong><\/p>\n<p>I cz\u0119\u015b\u0107 prowadz\u0105cy dr n med. specj. ortod. Maciej Ci\u0107kiewicz<\/p>\n<p>&#8211; Jaka strategia na leczenie u\u015bmiechu dzi\u0105s\u0142owego.<\/p>\n<p>&#8211; Kiedy co planowa\u0107?<\/p>\n<p>&#8211; Opcje leczenia u\u015bmiechu dzi\u0105s\u0142owego:- intruzja bez mini\u015brub i mini\u015brubami<\/p>\n<p>&#8211; operacja u chirurga szcz\u0119kowo &#8211; twarzowego na szcz\u0119ce &#8211; gingiwoplastyka<\/p>\n<p>&#8211; medycyna estetyczna<\/p>\n<p>II cz\u0119\u015b\u0107 prowadz\u0105ca dr n. med. Dominika D\u0105browska<\/p>\n<p>&#8211; U\u015bmiech dzi\u0105s\u0142owy &#8211; rodzaje\/przyczyny<\/p>\n<p>&#8211; Rola medycyny estetycznej w stomatologii<\/p>\n<p>&#8211; Anatomia u\u015bmiechu<\/p>\n<p>&#8211; Toksyna botulinowa &#8211; zastosowanie w leczeniu u\u015bmiechu dzi\u0105s\u0142owego<\/p>\n<p>&#8211; Wype\u0142niacze na bazie kwasu hialuronowego &#8211; jak zoptymalizowa\u0107 leczenie u\u015bmiechu dzi\u0105s\u0142owego<\/p>\n<p>III cz\u0119\u015b\u0107<\/p>\n<p>&#8211; dyskusja<\/p>\n","protected":false},"excerpt":{"rendered":"<p>Zobacz retransmisj\u0119 kursu online <strong>U\u015bmiech dzi\u0105s\u0142owy &#8211; medycyna estetyczna a leczenie ortodontyczne<\/strong>, kt\u00f3ry poprowadzili:<\/p>\n<ul>\n<li>dr n. med..specj. ortod. Maciej Ci\u0107kiewicz<\/li>\n<li>dr n.med. Dominika D\u0105browska<\/li>\n<\/ul>\n<p><strong>Po dokonaniu zakupu przejd\u017a do zak\u0142adki VOD i wybierz wybrane nagranie.<br \/>\n<\/strong>Nagranie jest dost\u0119pne przez 48 h od zakupu.<strong><br \/>\n<\/strong><\/p>\n","protected":false},"featured_media":2453,"template":"","meta":{"_ppp_document_settings_meta":""},"product_brand":[],"product_cat":[117],"product_tag":[133],"class_list":{"0":"post-2903","1":"product","2":"type-product","3":"status-publish","4":"has-post-thumbnail","6":"product_cat-vod-en","7":"product_tag-polski-en","9":"first","10":"instock","11":"virtual","12":"taxable","13":"purchasable","14":"product-type-simple"},"jetpack_sharing_enabled":true,"_links":{"self":[{"href":"https:\/\/academyoforthodontics.com\/en\/wp-json\/wp\/v2\/product\/2903","targetHints":{"allow":["GET"]}}],"collection":[{"href":"https:\/\/academyoforthodontics.com\/en\/wp-json\/wp\/v2\/product"}],"about":[{"href":"https:\/\/academyoforthodontics.com\/en\/wp-json\/wp\/v2\/types\/product"}],"wp:featuredmedia":[{"embeddable":true,"href":"https:\/\/academyoforthodontics.com\/en\/wp-json\/wp\/v2\/media\/2453"}],"wp:attachment":[{"href":"https:\/\/academyoforthodontics.com\/en\/wp-json\/wp\/v2\/media?parent=2903"}],"wp:term":[{"taxonomy":"product_brand","embeddable":true,"href":"https:\/\/academyoforthodontics.com\/en\/wp-json\/wp\/v2\/product_brand?post=2903"},{"taxonomy":"product_cat","embeddable":true,"href":"https:\/\/academyoforthodontics.com\/en\/wp-json\/wp\/v2\/product_cat?post=2903"},{"taxonomy":"product_tag","embeddable":true,"href":"https:\/\/academyoforthodontics.com\/en\/wp-json\/wp\/v2\/product_tag?post=2903"}],"curies":[{"name":"wp","href":"https:\/\/api.w.org\/{rel}","templated":true}]}}