{"id":2907,"date":"2021-01-27T22:44:15","date_gmt":"2022-03-15T12:31:35","guid":{"rendered":"https:\/\/academyoforthodontics.com\/produkt\/vod-moj-pierwszy-pacjent-z-invisalign\/"},"modified":"2022-03-15T14:01:33","modified_gmt":"2022-03-15T13:01:33","slug":"vod-moj-pierwszy-pacjent-z-invisalign","status":"publish","type":"product","link":"https:\/\/academyoforthodontics.com\/en\/produkt\/vod-moj-pierwszy-pacjent-z-invisalign\/","title":{"rendered":"VOD: M\u00f3j pierwszy pacjent z Invisalign"},"content":{"rendered":"<p><b><span data-contrast=\"none\">Zakres tematyczny:<\/span><\/b><span data-ccp-props=\"{\"201341983\":0,\"335559739\":160,\"335559740\":259}\"> <\/span><\/p>\n<ul>\n<li data-leveltext=\"\uf0b7\" data-font=\"Symbol\" data-listid=\"1\" aria-setsize=\"-1\" data-aria-posinset=\"1\" data-aria-level=\"1\"><span data-contrast=\"none\">dlaczego Invisalign i czy si\u0119 op\u0142aca?<\/span><span data-ccp-props=\"{\"134233279\":true,\"201341983\":0,\"335551550\":6,\"335551620\":6,\"335559739\":160,\"335559740\":259}\"> <\/span><\/li>\n<li data-leveltext=\"\uf0b7\" data-font=\"Symbol\" data-listid=\"1\" aria-setsize=\"-1\" data-aria-posinset=\"2\" data-aria-level=\"1\"><span data-contrast=\"none\">rodzaje Invisalign<\/span><span data-ccp-props=\"{\"134233279\":true,\"201341983\":0,\"335551550\":6,\"335551620\":6,\"335559739\":160,\"335559740\":259}\"> <\/span><\/li>\n<li data-leveltext=\"\uf0b7\" data-font=\"Symbol\" data-listid=\"1\" aria-setsize=\"-1\" data-aria-posinset=\"3\" data-aria-level=\"1\"><span data-contrast=\"none\">r\u00f3\u017cnice z innymi systemami <\/span><span data-contrast=\"none\">aligner\u00f3w<\/span><span data-contrast=\"none\">.<\/span><span data-ccp-props=\"{\"134233279\":true,\"201341983\":0,\"335551550\":6,\"335551620\":6,\"335559739\":160,\"335559740\":259}\"> <\/span><\/li>\n<li data-leveltext=\"\uf0b7\" data-font=\"Symbol\" data-listid=\"1\" aria-setsize=\"-1\" data-aria-posinset=\"4\" data-aria-level=\"1\"><span data-contrast=\"none\">jak wyglada wsp\u00f3\u0142praca?<\/span><span data-ccp-props=\"{\"134233279\":true,\"201341983\":0,\"335551550\":6,\"335551620\":6,\"335559739\":160,\"335559740\":259}\"> <\/span><\/li>\n<li data-leveltext=\"\uf0b7\" data-font=\"Symbol\" data-listid=\"1\" aria-setsize=\"-1\" data-aria-posinset=\"4\" data-aria-level=\"1\"><span data-contrast=\"none\">zmianach przez lekarza vs zmiany przez technik\u00f3w<\/span><span data-ccp-props=\"{\"134233279\":true,\"201341983\":0,\"335551550\":6,\"335551620\":6,\"335559739\":160,\"335559740\":259}\"> <\/span><\/li>\n<li data-leveltext=\"\uf0b7\" data-font=\"Symbol\" data-listid=\"1\" aria-setsize=\"-1\" data-aria-posinset=\"4\" data-aria-level=\"1\"><span data-contrast=\"none\">r\u00f3\u017cnice Clincheck Pro i Web<\/span><span data-ccp-props=\"{\"134233279\":true,\"201341983\":0,\"335551550\":6,\"335551620\":6,\"335559739\":160,\"335559740\":259}\"> <\/span><\/li>\n<li data-leveltext=\"\uf0b7\" data-font=\"Symbol\" data-listid=\"1\" aria-setsize=\"-1\" data-aria-posinset=\"4\" data-aria-level=\"1\"><span data-contrast=\"none\">analiza Clinchecku<\/span><span data-ccp-props=\"{\"134233279\":true,\"201341983\":0,\"335551550\":6,\"335551620\":6,\"335559739\":160,\"335559740\":259}\"> <\/span><\/li>\n<li data-leveltext=\"\uf0b7\" data-font=\"Symbol\" data-listid=\"1\" aria-setsize=\"-1\" data-aria-posinset=\"4\" data-aria-level=\"1\"><span data-contrast=\"none\">analiza ruch\u00f3w ortodontycznych<\/span><span data-ccp-props=\"{\"134233279\":true,\"201341983\":0,\"335551550\":6,\"335551620\":6,\"335559739\":160,\"335559740\":259}\"> <\/span><\/li>\n<li data-leveltext=\"\uf0b7\" data-font=\"Symbol\" data-listid=\"1\" aria-setsize=\"-1\" data-aria-posinset=\"4\" data-aria-level=\"1\"><span data-contrast=\"none\">rozmieszczenie attachment\u00f3w<\/span><span data-ccp-props=\"{\"134233279\":true,\"201341983\":0,\"335551550\":6,\"335551620\":6,\"335559739\":160,\"335559740\":259}\"> <\/span><\/li>\n<li data-leveltext=\"\uf0b7\" data-font=\"Symbol\" data-listid=\"1\" aria-setsize=\"-1\" data-aria-posinset=\"4\" data-aria-level=\"1\"><span data-contrast=\"none\">jak przedstawia\u0107 plan leczenia<\/span><span data-ccp-props=\"{\"134233279\":true,\"201341983\":0,\"335551550\":6,\"335551620\":6,\"335559739\":160,\"335559740\":259}\"> <\/span><\/li>\n<li data-leveltext=\"\uf0b7\" data-font=\"Symbol\" data-listid=\"1\" aria-setsize=\"-1\" data-aria-posinset=\"4\" data-aria-level=\"1\"><span data-contrast=\"none\">dyskusja<\/span><span data-ccp-props=\"{\"134233279\":true,\"201341983\":0,\"335551550\":6,\"335551620\":6,\"335559739\":160,\"335559740\":259}\"> <\/span><\/li>\n<\/ul>\n","protected":false},"excerpt":{"rendered":"<p><span data-contrast=\"none\">Zobacz retransmisj\u0119 kursu online <\/span><b><span data-contrast=\"none\">\u201cM\u00f3j pierwszy pacjent z <\/span><\/b><b><span data-contrast=\"none\">Invisalign<\/span><\/b><b><span data-contrast=\"none\"> \u2013 KROK PO KROKU\u201d.<\/span><\/b><span data-contrast=\"none\"> kt\u00f3ry poprowadzi\u0142 dr n. med..specj. ortod. Maciej Ci\u0107kiewicz<\/span><span data-ccp-props=\"{\"201341983\":0,\"335559739\":160,\"335559740\":259}\"> <\/span><\/p>\n<p><span style=\"text-decoration: underline;\"><strong>Po dokonaniu zakupu przejd\u017a do zak\u0142adki VOD i wybierz wybrane nagranie.<\/strong><\/span><\/p>\n<p>Nagranie jest dost\u0119pne przez 48 h od zakupu.<\/p>\n<p>&nbsp;<\/p>\n","protected":false},"featured_media":2405,"template":"","meta":{"_ppp_document_settings_meta":""},"product_brand":[],"product_cat":[117],"product_tag":[133],"class_list":{"0":"post-2907","1":"product","2":"type-product","3":"status-publish","4":"has-post-thumbnail","6":"product_cat-vod-en","7":"product_tag-polski-en","9":"first","10":"instock","11":"virtual","12":"taxable","13":"purchasable","14":"product-type-simple"},"jetpack_sharing_enabled":true,"_links":{"self":[{"href":"https:\/\/academyoforthodontics.com\/en\/wp-json\/wp\/v2\/product\/2907","targetHints":{"allow":["GET"]}}],"collection":[{"href":"https:\/\/academyoforthodontics.com\/en\/wp-json\/wp\/v2\/product"}],"about":[{"href":"https:\/\/academyoforthodontics.com\/en\/wp-json\/wp\/v2\/types\/product"}],"wp:featuredmedia":[{"embeddable":true,"href":"https:\/\/academyoforthodontics.com\/en\/wp-json\/wp\/v2\/media\/2405"}],"wp:attachment":[{"href":"https:\/\/academyoforthodontics.com\/en\/wp-json\/wp\/v2\/media?parent=2907"}],"wp:term":[{"taxonomy":"product_brand","embeddable":true,"href":"https:\/\/academyoforthodontics.com\/en\/wp-json\/wp\/v2\/product_brand?post=2907"},{"taxonomy":"product_cat","embeddable":true,"href":"https:\/\/academyoforthodontics.com\/en\/wp-json\/wp\/v2\/product_cat?post=2907"},{"taxonomy":"product_tag","embeddable":true,"href":"https:\/\/academyoforthodontics.com\/en\/wp-json\/wp\/v2\/product_tag?post=2907"}],"curies":[{"name":"wp","href":"https:\/\/api.w.org\/{rel}","templated":true}]}}