{"id":2911,"date":"2020-12-15T16:57:26","date_gmt":"2022-03-15T12:32:06","guid":{"rendered":"https:\/\/academyoforthodontics.com\/produkt\/vod-minisruby-dystalizacja-mezjalizacja-zeby-zatrzymane-zgryz-otwarty-czesc-1\/"},"modified":"2022-03-15T14:01:33","modified_gmt":"2022-03-15T13:01:33","slug":"retransmisja-kursu-online-minisruby-dystalizacja-mezjalizacja-zeby-zatrzymane-zgryz-otwarty-czesc-1","status":"publish","type":"product","link":"https:\/\/academyoforthodontics.com\/en\/produkt\/retransmisja-kursu-online-minisruby-dystalizacja-mezjalizacja-zeby-zatrzymane-zgryz-otwarty-czesc-1\/","title":{"rendered":"VOD: Mini\u015bruby &#8211; dystalizacja\/ mezjalizacja\/ z\u0119by zatrzymane\/ zgryz otwarty &#8211; cz\u0119\u015b\u0107 1."},"content":{"rendered":"<p><strong>Czas:<\/strong> dost\u0119p do retransmisji 48h<\/p>\n<p>Zobacz retransmisj\u0119 kursu online Mini\u015bruby &#8211; dystalizacja\/ mezjalizacja\/ z\u0119by zatrzymane\/ zgryz otwarty &#8211; cz\u0119\u015b\u0107 1, kt\u00f3ry poprowadzi\u0142 dr n. med..specj. ortod. Maciej Ci\u0107kiewicz<\/p>\n<p><strong>Zakres tematyczny:<\/strong><\/p>\n<ul>\n<li>Rodzaje mini\u015brub<\/li>\n<li>Umiejscowienie mini\u015brub<\/li>\n<li>Wprowadzenie \u015brub \u015brubokr\u0119tem\/ mikrosilnik<\/li>\n<li>EASYDRIVER i wprowadzanie \u015brub z szablonem<\/li>\n<li>czynniki ryzyka<\/li>\n<li>wsp\u00f3\u0142praca z chirurgiem \/ nauka wprowadzenia mini\u015brub<\/li>\n<li>mezjalizacja i dystalizacja<\/li>\n<li>Intruzjia i ekstruzja<\/li>\n<li>z\u0119by zatrzymane<\/li>\n<li>zamykanie i otwieranie przestrzeni<\/li>\n<li>mini\u015bruby i Invisalign<\/li>\n<li>mini\u015bruby i aparatach sta\u0142ych<\/li>\n<li>pe\u0142ne leczenie ortodontyczne \/ aparaty segmentowe<\/li>\n<li>obci\u0105\u017cenie po\u015brednie<\/li>\n<li>obci\u0105\u017cenie bezpo\u015brednie<\/li>\n<li>mini\u015bruby vs minip\u0142ytki vs implanty<\/li>\n<li>dyskusja<\/li>\n<\/ul>\n<p>Po zaksi\u0119gowaniu wp\u0142aty skontaktujemy si\u0119 z Tob\u0105 w celu ustalenia dogodnego dla Ciebie terminu przekazania dost\u0119pu do nagrania.<\/p>\n","protected":false},"excerpt":{"rendered":"<p>Nagranie jest dost\u0119pne przez 48 h od zakupu.<\/p>\n","protected":false},"featured_media":2440,"template":"","meta":{"_ppp_document_settings_meta":""},"product_brand":[],"product_cat":[117],"product_tag":[133],"class_list":{"0":"post-2911","1":"product","2":"type-product","3":"status-publish","4":"has-post-thumbnail","6":"product_cat-vod-en","7":"product_tag-polski-en","9":"first","10":"instock","11":"virtual","12":"taxable","13":"purchasable","14":"product-type-simple"},"jetpack_sharing_enabled":true,"_links":{"self":[{"href":"https:\/\/academyoforthodontics.com\/en\/wp-json\/wp\/v2\/product\/2911","targetHints":{"allow":["GET"]}}],"collection":[{"href":"https:\/\/academyoforthodontics.com\/en\/wp-json\/wp\/v2\/product"}],"about":[{"href":"https:\/\/academyoforthodontics.com\/en\/wp-json\/wp\/v2\/types\/product"}],"wp:featuredmedia":[{"embeddable":true,"href":"https:\/\/academyoforthodontics.com\/en\/wp-json\/wp\/v2\/media\/2440"}],"wp:attachment":[{"href":"https:\/\/academyoforthodontics.com\/en\/wp-json\/wp\/v2\/media?parent=2911"}],"wp:term":[{"taxonomy":"product_brand","embeddable":true,"href":"https:\/\/academyoforthodontics.com\/en\/wp-json\/wp\/v2\/product_brand?post=2911"},{"taxonomy":"product_cat","embeddable":true,"href":"https:\/\/academyoforthodontics.com\/en\/wp-json\/wp\/v2\/product_cat?post=2911"},{"taxonomy":"product_tag","embeddable":true,"href":"https:\/\/academyoforthodontics.com\/en\/wp-json\/wp\/v2\/product_tag?post=2911"}],"curies":[{"name":"wp","href":"https:\/\/api.w.org\/{rel}","templated":true}]}}